{"id":11,"date":"2020-11-28T05:45:47","date_gmt":"2020-11-28T05:45:47","guid":{"rendered":"https:\/\/procoa.co\/?page_id=11"},"modified":"2022-04-19T07:18:10","modified_gmt":"2022-04-19T07:18:10","slug":"nosotros","status":"publish","type":"page","link":"https:\/\/procoa.co\/index.php\/nosotros\/","title":{"rendered":"Nosotros"},"content":{"rendered":"\t\t<div data-elementor-type=\"wp-page\" data-elementor-id=\"11\" class=\"elementor elementor-11\">\n\t\t\t\t\t\t<div class=\"elementor-inner\">\n\t\t\t\t<div class=\"elementor-section-wrap\">\n\t\t\t\t\t\t\t\t\t<section class=\"elementor-section elementor-top-section elementor-element elementor-element-0cd1cdb elementor-section-boxed elementor-section-height-default elementor-section-height-default\" data-id=\"0cd1cdb\" data-element_type=\"section\">\n\t\t\t\t\t\t<div class=\"elementor-container elementor-column-gap-default\">\n\t\t\t\t\t\t\t<div class=\"elementor-row\">\n\t\t\t\t\t<div class=\"elementor-column elementor-col-100 elementor-top-column elementor-element elementor-element-3255cf3\" data-id=\"3255cf3\" data-element_type=\"column\">\n\t\t\t<div class=\"elementor-column-wrap elementor-element-populated\">\n\t\t\t\t\t\t\t<div class=\"elementor-widget-wrap\">\n\t\t\t\t\t\t<div class=\"elementor-element elementor-element-2402e03 elementor-widget elementor-widget-image\" data-id=\"2402e03\" data-element_type=\"widget\" data-widget_type=\"image.default\">\n\t\t\t\t<div class=\"elementor-widget-container\">\n\t\t\t\t\t\t\t\t<div class=\"elementor-image\">\n\t\t\t\t\t\t\t\t\t\t\t\t<img loading=\"lazy\" decoding=\"async\" width=\"640\" height=\"373\" src=\"https:\/\/procoa.co\/wp-content\/uploads\/2021\/03\/historia-contabilidad.jpg\" class=\"attachment-medium_large size-medium_large\" alt=\"\" srcset=\"https:\/\/procoa.co\/wp-content\/uploads\/2021\/03\/historia-contabilidad.jpg 640w, https:\/\/procoa.co\/wp-content\/uploads\/2021\/03\/historia-contabilidad-300x175.jpg 300w\" sizes=\"auto, (max-width: 640px) 100vw, 640px\" \/>\t\t\t\t\t\t\t\t\t\t\t\t\t\t<\/div>\n\t\t\t\t\t\t<\/div>\n\t\t\t\t<\/div>\n\t\t\t\t\t\t<\/div>\n\t\t\t\t\t<\/div>\n\t\t<\/div>\n\t\t\t\t\t\t\t\t<\/div>\n\t\t\t\t\t<\/div>\n\t\t<\/section>\n\t\t\t\t<section class=\"elementor-section elementor-top-section elementor-element elementor-element-56d1b3d9 elementor-section-boxed elementor-section-height-default elementor-section-height-default\" data-id=\"56d1b3d9\" data-element_type=\"section\">\n\t\t\t\t\t\t<div class=\"elementor-container elementor-column-gap-default\">\n\t\t\t\t\t\t\t<div class=\"elementor-row\">\n\t\t\t\t\t<div class=\"elementor-column elementor-col-100 elementor-top-column elementor-element elementor-element-3fdd3751\" data-id=\"3fdd3751\" data-element_type=\"column\">\n\t\t\t<div class=\"elementor-column-wrap elementor-element-populated\">\n\t\t\t\t\t\t\t<div class=\"elementor-widget-wrap\">\n\t\t\t\t\t\t<div class=\"elementor-element elementor-element-147048b7 elementor-widget elementor-widget-text-editor\" data-id=\"147048b7\" data-element_type=\"widget\" data-widget_type=\"text-editor.default\">\n\t\t\t\t<div class=\"elementor-widget-container\">\n\t\t\t\t\t\t\t\t<div class=\"elementor-text-editor elementor-clearfix\">\n\t\t\t\t<p><span style=\"color: var( --e-global-color-text ); font-family: var( --e-global-typography-text-font-family ), Sans-serif; font-weight: var( --e-global-typography-text-font-weight ); font-size: 1rem;\">Como resultado de un proceso de reestructuraci\u00f3n, se fund\u00f3 Procoa S.A.S en el mes de Octubre de 2010. Su fundador, el Dr. Jorge Le\u00f3n, graduado como Contador P\u00fablico Titulado, ha logrado numerosos reconocimientos, dada su gran experiencia y conocimiento en Revisor\u00eda Fiscal y en el \u00e1rea tributaria durante m\u00e1s de 24 a\u00f1os, ocupando cargos de importancia en la DIAN &#8211; Direcci\u00f3n de Impuestos y Aduanas Nacionales. Procoa SAS fue certificada en calidad ISO 9001:2008 mediante Bureau Veritas.<\/span><\/p>\n<p><\/p>\n<p><img loading=\"lazy\" decoding=\"async\" class=\"alignnone size-medium wp-image-185\" src=\"https:\/\/procoa.co\/wp-content\/uploads\/2021\/03\/asesoria-300x182.jpg\" alt=\"\" width=\"300\" height=\"182\" srcset=\"https:\/\/procoa.co\/wp-content\/uploads\/2021\/03\/asesoria-300x182.jpg 300w, https:\/\/procoa.co\/wp-content\/uploads\/2021\/03\/asesoria.jpg 536w\" sizes=\"auto, (max-width: 300px) 100vw, 300px\" \/><\/p>\n<p><\/p>\n<p>Nuestro Equipo de Trabajo se caracteriza por su profesionalismo, responsabilidad, dedicaci\u00f3n y experiencia laboral; adicionalmente contamos con la participaci\u00f3n de un integrante acreditado en Certified Public Accountant (CPA). Con el fin de mejorar nuestros&nbsp;<span style=\"color: var( --e-global-color-text ); font-family: var( --e-global-typography-text-font-family ), Sans-serif; font-weight: var( --e-global-typography-text-font-weight ); font-size: 1rem;\">servicios, capacitamos constantemente nuestro equipo de auditor\u00eda en aspectos t\u00e9cnicos relacionados con el \u00e1rea empresarial y en actualizaci\u00f3n de Normas Internacionales de la Informaci\u00f3n Financiera.<\/span><\/p>\n<p><\/p>\n<p><img loading=\"lazy\" decoding=\"async\" class=\"size-medium wp-image-186\" src=\"https:\/\/procoa.co\/wp-content\/uploads\/2021\/03\/contador-externo-300x200.jpg\" alt=\"\" width=\"300\" height=\"200\" srcset=\"https:\/\/procoa.co\/wp-content\/uploads\/2021\/03\/contador-externo-300x200.jpg 300w, https:\/\/procoa.co\/wp-content\/uploads\/2021\/03\/contador-externo-1024x683.jpg 1024w, https:\/\/procoa.co\/wp-content\/uploads\/2021\/03\/contador-externo-768x512.jpg 768w, https:\/\/procoa.co\/wp-content\/uploads\/2021\/03\/contador-externo.jpg 1500w\" sizes=\"auto, (max-width: 300px) 100vw, 300px\" \/><\/p>\n<div>&nbsp;<\/div>\n<p><\/p>\n<p>Procoa SAS como organizaci\u00f3n integral, maneja clientes de diversas \u00e1reas y sectores econ\u00f3micos, a quienes se les presta nuestros servicios de manera personalizada, con calidad y seg\u00fan la normatividad que le aplique.<\/p>\n<p><\/p>\n<p>Nuestros Profesionales:&nbsp;<\/p>\n<p>Equipo serio y competente, con calidades humanas y t\u00e9cnicas comprometidos en brindar un servicio personalizado.<\/p>\n<p><\/p>\n<p>Nuestra Experiencia:<br>Contamos con profesionales experimentados que han desarrollado con \u00e9xito este tipo de trabajo en Entidades de diversos sectores de nuestra econom\u00eda.<\/p>\t\t\t\t\t<\/div>\n\t\t\t\t\t\t<\/div>\n\t\t\t\t<\/div>\n\t\t\t\t\t\t<\/div>\n\t\t\t\t\t<\/div>\n\t\t<\/div>\n\t\t\t\t\t\t\t\t<\/div>\n\t\t\t\t\t<\/div>\n\t\t<\/section>\n\t\t\t\t\t\t\t\t\t<\/div>\n\t\t\t<\/div>\n\t\t\t\t\t<\/div>\n\t\t","protected":false},"excerpt":{"rendered":"<p>Como resultado de un proceso de reestructuraci\u00f3n, se fund\u00f3 Procoa S.A.S en el mes de Octubre de 2010. Su fundador, el Dr. Jorge Le\u00f3n, graduado como Contador P\u00fablico Titulado, ha logrado numerosos reconocimientos, dada su gran experiencia y conocimiento en Revisor\u00eda Fiscal y en el \u00e1rea tributaria durante m\u00e1s de 24 a\u00f1os, ocupando cargos de [&hellip;]<\/p>\n","protected":false},"author":1,"featured_media":0,"parent":0,"menu_order":0,"comment_status":"closed","ping_status":"closed","template":"","meta":{"footnotes":""},"class_list":["post-11","page","type-page","status-publish","hentry"],"_links":{"self":[{"href":"https:\/\/procoa.co\/index.php\/wp-json\/wp\/v2\/pages\/11","targetHints":{"allow":["GET"]}}],"collection":[{"href":"https:\/\/procoa.co\/index.php\/wp-json\/wp\/v2\/pages"}],"about":[{"href":"https:\/\/procoa.co\/index.php\/wp-json\/wp\/v2\/types\/page"}],"author":[{"embeddable":true,"href":"https:\/\/procoa.co\/index.php\/wp-json\/wp\/v2\/users\/1"}],"replies":[{"embeddable":true,"href":"https:\/\/procoa.co\/index.php\/wp-json\/wp\/v2\/comments?post=11"}],"version-history":[{"count":20,"href":"https:\/\/procoa.co\/index.php\/wp-json\/wp\/v2\/pages\/11\/revisions"}],"predecessor-version":[{"id":244,"href":"https:\/\/procoa.co\/index.php\/wp-json\/wp\/v2\/pages\/11\/revisions\/244"}],"wp:attachment":[{"href":"https:\/\/procoa.co\/index.php\/wp-json\/wp\/v2\/media?parent=11"}],"curies":[{"name":"wp","href":"https:\/\/api.w.org\/{rel}","templated":true}]}}